{"id":777,"date":"2024-09-26T17:53:09","date_gmt":"2024-09-26T15:53:09","guid":{"rendered":"https:\/\/www.chsok.sk\/?page_id=777"},"modified":"2024-10-18T21:22:18","modified_gmt":"2024-10-18T19:22:18","slug":"historia","status":"publish","type":"page","link":"https:\/\/www.chsok.sk\/hr\/historia\/","title":{"rendered":"Povijest"},"content":{"rendered":"<div data-elementor-type=\"wp-page\" data-elementor-id=\"777\" class=\"elementor elementor-777\" data-elementor-post-type=\"page\">\n\t\t\t\t\t\t<section class=\"elementor-section elementor-top-section elementor-element elementor-element-129fad33 elementor-section-full_width elementor-section-height-min-height elementor-section-content-middle elementor-section-height-default elementor-section-items-middle\" data-id=\"129fad33\" data-element_type=\"section\" data-e-type=\"section\" data-settings=\"{&quot;background_background&quot;:&quot;slideshow&quot;,&quot;background_slideshow_gallery&quot;:[{&quot;id&quot;:243,&quot;url&quot;:&quot;https:\\\/\\\/www.chsok.sk\\\/wp-content\\\/uploads\\\/2023\\\/07\\\/BRATISLAVA-scaled.jpg&quot;},{&quot;id&quot;:233,&quot;url&quot;:&quot;https:\\\/\\\/www.chsok.sk\\\/wp-content\\\/uploads\\\/2023\\\/07\\\/ZAGREB.jpeg&quot;},{&quot;id&quot;:237,&quot;url&quot;:&quot;https:\\\/\\\/www.chsok.sk\\\/wp-content\\\/uploads\\\/2023\\\/07\\\/TATRY.jpeg&quot;},{&quot;id&quot;:241,&quot;url&quot;:&quot;https:\\\/\\\/www.chsok.sk\\\/wp-content\\\/uploads\\\/2023\\\/07\\\/KRKA-scaled.jpeg&quot;},{&quot;id&quot;:239,&quot;url&quot;:&quot;https:\\\/\\\/www.chsok.sk\\\/wp-content\\\/uploads\\\/2023\\\/07\\\/TRENCIN.jpg&quot;},{&quot;id&quot;:231,&quot;url&quot;:&quot;https:\\\/\\\/www.chsok.sk\\\/wp-content\\\/uploads\\\/2023\\\/07\\\/RIJEKA-scaled.jpeg&quot;},{&quot;id&quot;:236,&quot;url&quot;:&quot;https:\\\/\\\/www.chsok.sk\\\/wp-content\\\/uploads\\\/2023\\\/07\\\/SLOVENSKY-RAJ.jpeg&quot;},{&quot;id&quot;:229,&quot;url&quot;:&quot;https:\\\/\\\/www.chsok.sk\\\/wp-content\\\/uploads\\\/2023\\\/07\\\/DUBROVNIK.jpeg&quot;}],&quot;background_slideshow_lazyload&quot;:&quot;yes&quot;,&quot;background_slideshow_ken_burns&quot;:&quot;yes&quot;,&quot;background_slideshow_ken_burns_zoom_direction&quot;:&quot;out&quot;,&quot;shape_divider_bottom&quot;:&quot;opacity-fan&quot;,&quot;background_slideshow_loop&quot;:&quot;yes&quot;,&quot;background_slideshow_slide_duration&quot;:5000,&quot;background_slideshow_slide_transition&quot;:&quot;fade&quot;,&quot;background_slideshow_transition_duration&quot;:500}\">\n\t\t\t\t\t\t\t<div class=\"elementor-background-overlay\"><\/div>\n\t\t\t\t\t\t<div class=\"elementor-shape elementor-shape-bottom\" aria-hidden=\"true\" data-negative=\"false\">\n\t\t\t<svg xmlns=\"http:\/\/www.w3.org\/2000\/svg\" viewbox=\"0 0 283.5 19.6\" preserveaspectratio=\"none\">\n\t<path class=\"elementor-shape-fill\" style=\"opacity:0.33\" d=\"M0 0L0 18.8 141.8 4.1 283.5 18.8 283.5 0z\"\/>\n\t<path class=\"elementor-shape-fill\" style=\"opacity:0.33\" d=\"M0 0L0 12.6 141.8 4 283.5 12.6 283.5 0z\"\/>\n\t<path class=\"elementor-shape-fill\" style=\"opacity:0.33\" d=\"M0 0L0 6.4 141.8 4 283.5 6.4 283.5 0z\"\/>\n\t<path class=\"elementor-shape-fill\" d=\"M0 0L0 1.2 141.8 4 283.5 1.2 283.5 0z\"\/>\n<\/svg>\t\t<\/div>\n\t\t\t\t\t<div class=\"elementor-container elementor-column-gap-default\">\n\t\t\t\t\t<div class=\"elementor-column elementor-col-100 elementor-top-column elementor-element elementor-element-c8232da\" data-id=\"c8232da\" data-element_type=\"column\" data-e-type=\"column\">\n\t\t\t<div class=\"elementor-widget-wrap elementor-element-populated\">\n\t\t\t\t\t\t<div class=\"elementor-element elementor-element-7113e530 elementor-widget elementor-widget-heading\" data-id=\"7113e530\" data-element_type=\"widget\" data-e-type=\"widget\" data-widget_type=\"heading.default\">\n\t\t\t\t<div class=\"elementor-widget-container\">\n\t\t\t\t\t<h2 class=\"elementor-heading-title elementor-size-default\">Povijest<\/h2>\t\t\t\t<\/div>\n\t\t\t\t<\/div>\n\t\t\t\t\t<\/div>\n\t\t<\/div>\n\t\t\t\t\t<\/div>\n\t\t<\/section>\n\t\t\t\t<section class=\"elementor-section elementor-top-section elementor-element elementor-element-61e6169f elementor-section-full_width elementor-section-height-default elementor-section-height-default\" data-id=\"61e6169f\" data-element_type=\"section\" data-e-type=\"section\">\n\t\t\t\t\t\t<div class=\"elementor-container elementor-column-gap-default\">\n\t\t\t\t\t<div class=\"elementor-column elementor-col-100 elementor-top-column elementor-element elementor-element-60c00621\" data-id=\"60c00621\" data-element_type=\"column\" data-e-type=\"column\">\n\t\t\t<div class=\"elementor-widget-wrap elementor-element-populated\">\n\t\t\t\t\t\t<div class=\"elementor-element elementor-element-79717bc2 elementor-widget elementor-widget-image\" data-id=\"79717bc2\" data-element_type=\"widget\" data-e-type=\"widget\" data-widget_type=\"image.default\">\n\t\t\t\t<div class=\"elementor-widget-container\">\n\t\t\t\t\t\t\t\t\t\t\t\t\t\t\t<img fetchpriority=\"high\" decoding=\"async\" width=\"1024\" height=\"316\" src=\"https:\/\/www.chsok.sk\/wp-content\/uploads\/2023\/08\/HR-copy.png\" class=\"attachment-large size-large wp-image-318\" alt=\"\" srcset=\"https:\/\/www.chsok.sk\/wp-content\/uploads\/2023\/08\/HR-copy.png 1520w, https:\/\/www.chsok.sk\/wp-content\/uploads\/2023\/08\/HR-copy-300x95.png 300w, https:\/\/www.chsok.sk\/wp-content\/uploads\/2023\/08\/HR-copy-1024x325.png 1024w, https:\/\/www.chsok.sk\/wp-content\/uploads\/2023\/08\/HR-copy-768x244.png 768w, https:\/\/www.chsok.sk\/wp-content\/uploads\/2023\/08\/HR-copy-18x6.png 18w\" sizes=\"(max-width: 1024px) 100vw, 1024px\" \/>\t\t\t\t\t\t\t\t\t\t\t\t\t\t\t<\/div>\n\t\t\t\t<\/div>\n\t\t\t\t<div class=\"elementor-element elementor-element-999c120 elementor-widget-divider--view-line elementor-widget elementor-widget-divider\" data-id=\"999c120\" data-element_type=\"widget\" data-e-type=\"widget\" data-widget_type=\"divider.default\">\n\t\t\t\t<div class=\"elementor-widget-container\">\n\t\t\t\t\t\t\t<div class=\"elementor-divider\">\n\t\t\t<span class=\"elementor-divider-separator\">\n\t\t\t\t\t\t<\/span>\n\t\t<\/div>\n\t\t\t\t\t\t<\/div>\n\t\t\t\t<\/div>\n\t\t\t\t\t<\/div>\n\t\t<\/div>\n\t\t\t\t\t<\/div>\n\t\t<\/section>\n\t\t\t\t<section class=\"elementor-section elementor-top-section elementor-element elementor-element-2b440a3 elementor-section-boxed elementor-section-height-default elementor-section-height-default\" data-id=\"2b440a3\" data-element_type=\"section\" data-e-type=\"section\">\n\t\t\t\t\t\t<div class=\"elementor-container elementor-column-gap-default\">\n\t\t\t\t\t<div class=\"elementor-column elementor-col-100 elementor-top-column elementor-element elementor-element-4eeff07\" data-id=\"4eeff07\" data-element_type=\"column\" data-e-type=\"column\">\n\t\t\t<div class=\"elementor-widget-wrap elementor-element-populated\">\n\t\t\t\t\t\t<div class=\"elementor-element elementor-element-08c4b31 elementor-widget elementor-widget-spacer\" data-id=\"08c4b31\" data-element_type=\"widget\" data-e-type=\"widget\" data-widget_type=\"spacer.default\">\n\t\t\t\t<div class=\"elementor-widget-container\">\n\t\t\t\t\t\t\t<div class=\"elementor-spacer\">\n\t\t\t<div class=\"elementor-spacer-inner\"><\/div>\n\t\t<\/div>\n\t\t\t\t\t\t<\/div>\n\t\t\t\t<\/div>\n\t\t\t\t<div class=\"elementor-element elementor-element-202bd34c elementor-widget elementor-widget-text-editor\" data-id=\"202bd34c\" data-element_type=\"widget\" data-e-type=\"widget\" data-widget_type=\"text-editor.default\">\n\t\t\t\t<div class=\"elementor-widget-container\">\n\t\t\t\t\t\t\t\t\t<p>Hrvatsko - Slova\u010dka Gospodarska Komora ima bogatu povijest koja datira od njenog osnutka godine <strong>2008<\/strong>.<\/p><p>Pod vodstvom svog prvog predsjednika, Komora je krenula s misijom ja\u010danja bilateralnih poslovnih veza izme\u0111u Hrvatske i Slova\u010dke. Sa sjedi\u0161tem u Tren\u010d\u00ednu, Komora je igrala klju\u010dnu ulogu u olak\u0161avanju trgovine, suradnje i diplomatskih odnosa izme\u0111u dviju zemalja. Ambiciozni planovi bili su potvr\u0111eni i <strong>gospodarskom misijom<\/strong> sa predsjednikom Ivanom Ga\u0161parovi\u010dom u Hrvatsku 2008. godine.<\/p><p>Tijekom svog djelovanja, Komora se transformirala u <strong>privatni klub<\/strong> skupine poduzetnika koji su ulagali i poslovali u obje zemlje, ali nisu imali interes dalje promovirati Komoru. Zbog toga nije uspostavljena slu\u017ebena struktura \u010dlanstva, a Komora je ostala zatvorena za javnost.<\/p><p><strong>Godine 2021.<\/strong> Komora je pomogla u procesu kupnje nekretnine u Hrvatskoj za Maticu slova\u010dku u Rijeci, koja je uspje\u0161no stekla <strong>Slova\u010dku ku\u0107u.<\/strong>Ova nekretnina od tada slu\u017ei kao sjedi\u0161te Matice slova\u010dke u Rijeci, mjesto za mnoge kulturne doga\u0111aje i smje\u0161taj za Slovake.<\/p><p><strong>Godine 2022. Komora je u\u0161la u novu fazu svog razvoja,<\/strong> obilje\u017eenu promjenom vodstva i strate\u0161kom odlukom o preseljenju sjedi\u0161ta u Bratislavu. Ovaj prijelaz simbolizira predanost Komore ja\u010danju svoje prisutnosti i \u0161irenju utjecaja u poslovnim zajednicama obiju zemalja.<\/p><p>S obnovljenim fokusom, Komora \u017eeli \"restartati\" svoje djelovanje i o\u017eivjeti svoju ulogu predanog zagovornika hrvatskih poduzetnika u Slova\u010dkoj i slova\u010dkih poduzetnika u Hrvatskoj. Kroz proaktivno zastupanje i nepokolebljivu posve\u0107enost unapre\u0111enju njihovih interesa, Komora nastoji stvoriti poticajno i napredno okru\u017eenje za poduze\u0107a zainteresirana za suradnju.<\/p><p>Dok Hrvatsko - Slova\u010dka Gospodarska Komora gleda u budu\u0107nost, ostaje <strong>odana svom 15-godi\u0161njem poslanju podr\u017eavanja gospodarskog rasta,<\/strong> olak\u0161avanja partnerstava i razvoja sna\u017enih poslovnih odnosa izme\u0111u Hrvatske i Slova\u010dke.<\/p>\t\t\t\t\t\t\t\t<\/div>\n\t\t\t\t<\/div>\n\t\t\t\t<div class=\"elementor-element elementor-element-c4f1d07 elementor-widget elementor-widget-spacer\" data-id=\"c4f1d07\" data-element_type=\"widget\" data-e-type=\"widget\" data-widget_type=\"spacer.default\">\n\t\t\t\t<div class=\"elementor-widget-container\">\n\t\t\t\t\t\t\t<div class=\"elementor-spacer\">\n\t\t\t<div class=\"elementor-spacer-inner\"><\/div>\n\t\t<\/div>\n\t\t\t\t\t\t<\/div>\n\t\t\t\t<\/div>\n\t\t\t\t\t<\/div>\n\t\t<\/div>\n\t\t\t\t\t<\/div>\n\t\t<\/section>\n\t\t\t\t<section class=\"elementor-section elementor-top-section elementor-element elementor-element-c39a12e elementor-section-boxed elementor-section-height-default elementor-section-height-default\" data-id=\"c39a12e\" data-element_type=\"section\" data-e-type=\"section\">\n\t\t\t\t\t\t<div class=\"elementor-container elementor-column-gap-default\">\n\t\t\t\t\t<div class=\"elementor-column elementor-col-100 elementor-top-column elementor-element elementor-element-d005eef\" data-id=\"d005eef\" data-element_type=\"column\" data-e-type=\"column\">\n\t\t\t<div class=\"elementor-widget-wrap elementor-element-populated\">\n\t\t\t\t\t\t<div class=\"elementor-element elementor-element-1b9d923e elementor-widget-divider--view-line elementor-widget elementor-widget-divider\" data-id=\"1b9d923e\" data-element_type=\"widget\" data-e-type=\"widget\" data-widget_type=\"divider.default\">\n\t\t\t\t<div class=\"elementor-widget-container\">\n\t\t\t\t\t\t\t<div class=\"elementor-divider\">\n\t\t\t<span class=\"elementor-divider-separator\">\n\t\t\t\t\t\t<\/span>\n\t\t<\/div>\n\t\t\t\t\t\t<\/div>\n\t\t\t\t<\/div>\n\t\t\t\t<div class=\"elementor-element elementor-element-1a56031 elementor-widget elementor-widget-image\" data-id=\"1a56031\" data-element_type=\"widget\" data-e-type=\"widget\" data-widget_type=\"image.default\">\n\t\t\t\t<div class=\"elementor-widget-container\">\n\t\t\t\t\t\t\t\t\t\t\t\t\t\t\t<img decoding=\"async\" width=\"2560\" height=\"1440\" src=\"https:\/\/www.chsok.sk\/wp-content\/uploads\/2025\/02\/CHSOK-historia.png\" class=\"attachment-full size-full wp-image-1134\" alt=\"\" srcset=\"https:\/\/www.chsok.sk\/wp-content\/uploads\/2025\/02\/CHSOK-historia.png 6000w, https:\/\/www.chsok.sk\/wp-content\/uploads\/2025\/02\/CHSOK-historia-300x169.png 300w, https:\/\/www.chsok.sk\/wp-content\/uploads\/2025\/02\/CHSOK-historia-1024x576.png 1024w, https:\/\/www.chsok.sk\/wp-content\/uploads\/2025\/02\/CHSOK-historia-768x432.png 768w, https:\/\/www.chsok.sk\/wp-content\/uploads\/2025\/02\/CHSOK-historia-1536x864.png 1536w, https:\/\/www.chsok.sk\/wp-content\/uploads\/2025\/02\/CHSOK-historia-2048x1152.png 2048w, https:\/\/www.chsok.sk\/wp-content\/uploads\/2025\/02\/CHSOK-historia-18x10.png 18w, https:\/\/www.chsok.sk\/wp-content\/uploads\/2025\/02\/CHSOK-historia-800x450.png 800w\" sizes=\"(max-width: 2560px) 100vw, 2560px\" \/>\t\t\t\t\t\t\t\t\t\t\t\t\t\t\t<\/div>\n\t\t\t\t<\/div>\n\t\t\t\t<div class=\"elementor-element elementor-element-41f07ea elementor-widget-divider--view-line elementor-widget elementor-widget-divider\" data-id=\"41f07ea\" data-element_type=\"widget\" data-e-type=\"widget\" data-widget_type=\"divider.default\">\n\t\t\t\t<div class=\"elementor-widget-container\">\n\t\t\t\t\t\t\t<div class=\"elementor-divider\">\n\t\t\t<span class=\"elementor-divider-separator\">\n\t\t\t\t\t\t<\/span>\n\t\t<\/div>\n\t\t\t\t\t\t<\/div>\n\t\t\t\t<\/div>\n\t\t\t\t\t<\/div>\n\t\t<\/div>\n\t\t\t\t\t<\/div>\n\t\t<\/section>\n\t\t\t\t<section class=\"elementor-section elementor-top-section elementor-element elementor-element-13f2a940 elementor-section-boxed elementor-section-height-default elementor-section-height-default\" data-id=\"13f2a940\" data-element_type=\"section\" data-e-type=\"section\">\n\t\t\t\t\t\t<div class=\"elementor-container elementor-column-gap-default\">\n\t\t\t\t\t<div class=\"elementor-column elementor-col-100 elementor-top-column elementor-element elementor-element-63552102\" data-id=\"63552102\" data-element_type=\"column\" data-e-type=\"column\">\n\t\t\t<div class=\"elementor-widget-wrap elementor-element-populated\">\n\t\t\t\t\t\t<div class=\"elementor-element elementor-element-18d3451 elementor-widget elementor-widget-spacer\" data-id=\"18d3451\" data-element_type=\"widget\" data-e-type=\"widget\" data-widget_type=\"spacer.default\">\n\t\t\t\t<div class=\"elementor-widget-container\">\n\t\t\t\t\t\t\t<div class=\"elementor-spacer\">\n\t\t\t<div class=\"elementor-spacer-inner\"><\/div>\n\t\t<\/div>\n\t\t\t\t\t\t<\/div>\n\t\t\t\t<\/div>\n\t\t\t\t<div class=\"elementor-element elementor-element-f35489d elementor-widget elementor-widget-text-editor\" data-id=\"f35489d\" data-element_type=\"widget\" data-e-type=\"widget\" data-widget_type=\"text-editor.default\">\n\t\t\t\t<div class=\"elementor-widget-container\">\n\t\t\t\t\t\t\t\t\t<p class=\"translation-block\">Godine <strong>2024.<\/strong> Komora je donijela odluku o otvaranju ureda u Hrvatskoj, konkretno u Rijeci.<\/p><p>Ova odluka predstavlja jo\u0161 jedan korak u nastojanju aktivne podr\u0161ke hrvatskim i slova\u010dkim poduzetnicima. Ovaj ured omogu\u0107it \u0107e Komori intenzivniju suradnju s lokalnim partnerima, uklju\u010duju\u0107i Po\u010dasni konzulat Slova\u010dke Republike u Rijeci, te pru\u017eanje strate\u0161ke podr\u0161ke slova\u010dkim tvrtkama koje tra\u017ee nove prilike u Hrvatskoj.<\/p><p>Uz to, Komora nudi mogu\u0107nost osnivanja virtualnog sjedi\u0161ta za slova\u010dke tvrtke, \u010dime \u017eeli olak\u0161ati njihov ulazak na hrvatsko tr\u017ei\u0161te i podr\u017eati poslovne odnose izme\u0111u na\u0161ih zemalja.<\/p>\t\t\t\t\t\t\t\t<\/div>\n\t\t\t\t<\/div>\n\t\t\t\t<div class=\"elementor-element elementor-element-accc863 elementor-widget elementor-widget-spacer\" data-id=\"accc863\" data-element_type=\"widget\" data-e-type=\"widget\" data-widget_type=\"spacer.default\">\n\t\t\t\t<div class=\"elementor-widget-container\">\n\t\t\t\t\t\t\t<div class=\"elementor-spacer\">\n\t\t\t<div class=\"elementor-spacer-inner\"><\/div>\n\t\t<\/div>\n\t\t\t\t\t\t<\/div>\n\t\t\t\t<\/div>\n\t\t\t\t\t<\/div>\n\t\t<\/div>\n\t\t\t\t\t<\/div>\n\t\t<\/section>\n\t\t\t\t<\/div>","protected":false},"excerpt":{"rendered":"<p>Hist\u00f3ria Chorv\u00e1tsko &#8211; Slovensk\u00e1 Obchodn\u00e1 Komora m\u00e1 bohat\u00fa hist\u00f3riu, ktor\u00e1 sa datuje od jej vzniku v roku 2008. Pod veden\u00edm jej prv\u00e9ho predsedu sa Komora pustila do misie posil\u0148ovania bilater\u00e1lnych obchodn\u00fdch v\u00e4zieb medzi Chorv\u00e1tskom a Slovenskom. Komora, ktor\u00e1 mala p\u00f4vodne s\u00eddlo v Tren\u010d\u00edne, zohr\u00e1vala k\u013e\u00fa\u010dov\u00fa \u00falohu pri u\u013eah\u010dovan\u00ed obchodu, spolupr\u00e1ce a diplomatick\u00fdch vz\u0165ahov medzi oboma [&hellip;]<\/p>","protected":false},"author":1,"featured_media":0,"parent":0,"menu_order":0,"comment_status":"closed","ping_status":"closed","template":"elementor_header_footer","meta":{"_monsterinsights_skip_tracking":false,"_monsterinsights_sitenote_active":false,"_monsterinsights_sitenote_note":"","_monsterinsights_sitenote_category":0,"footnotes":""},"class_list":["post-777","page","type-page","status-publish","hentry","entry"],"yoast_head":"<!-- This site is optimized with the Yoast SEO plugin v24.4 - https:\/\/yoast.com\/wordpress\/plugins\/seo\/ -->\n<title>Hist\u00f3ria - Chorv\u00e1tsko - Slovensk\u00e1 Obchodn\u00e1 Komora<\/title>\n<meta name=\"robots\" content=\"index, follow, max-snippet:-1, max-image-preview:large, max-video-preview:-1\" \/>\n<link rel=\"canonical\" href=\"https:\/\/www.chsok.sk\/hr\/historia\/\" \/>\n<meta property=\"og:locale\" content=\"hr_HR\" \/>\n<meta property=\"og:type\" content=\"article\" \/>\n<meta property=\"og:title\" content=\"Hist\u00f3ria - Chorv\u00e1tsko - Slovensk\u00e1 Obchodn\u00e1 Komora\" \/>\n<meta property=\"og:description\" content=\"Hist\u00f3ria Chorv\u00e1tsko &#8211; Slovensk\u00e1 Obchodn\u00e1 Komora m\u00e1 bohat\u00fa hist\u00f3riu, ktor\u00e1 sa datuje od jej vzniku v roku 2008. Pod veden\u00edm jej prv\u00e9ho predsedu sa Komora pustila do misie posil\u0148ovania bilater\u00e1lnych obchodn\u00fdch v\u00e4zieb medzi Chorv\u00e1tskom a Slovenskom. Komora, ktor\u00e1 mala p\u00f4vodne s\u00eddlo v Tren\u010d\u00edne, zohr\u00e1vala k\u013e\u00fa\u010dov\u00fa \u00falohu pri u\u013eah\u010dovan\u00ed obchodu, spolupr\u00e1ce a diplomatick\u00fdch vz\u0165ahov medzi oboma [&hellip;]\" \/>\n<meta property=\"og:url\" content=\"https:\/\/www.chsok.sk\/hr\/historia\/\" \/>\n<meta property=\"og:site_name\" content=\"Chorv\u00e1tsko - Slovensk\u00e1 Obchodn\u00e1 Komora\" \/>\n<meta property=\"article:modified_time\" content=\"2024-10-18T19:22:18+00:00\" \/>\n<meta property=\"og:image\" content=\"https:\/\/www.chsok.sk\/wp-content\/uploads\/2023\/07\/CHSOK-logo-3.png\" \/>\n\t<meta property=\"og:image:width\" content=\"1189\" \/>\n\t<meta property=\"og:image:height\" content=\"367\" \/>\n\t<meta property=\"og:image:type\" content=\"image\/png\" \/>\n<meta name=\"twitter:card\" content=\"summary_large_image\" \/>\n<meta name=\"twitter:label1\" content=\"Procijenjeno vrijeme \u010ditanja\" \/>\n\t<meta name=\"twitter:data1\" content=\"3 minute\" \/>\n<script type=\"application\/ld+json\" class=\"yoast-schema-graph\">{\"@context\":\"https:\/\/schema.org\",\"@graph\":[{\"@type\":\"WebPage\",\"@id\":\"https:\/\/www.chsok.sk\/historia\/\",\"url\":\"https:\/\/www.chsok.sk\/historia\/\",\"name\":\"Hist\u00f3ria - Chorv\u00e1tsko - Slovensk\u00e1 Obchodn\u00e1 Komora\",\"isPartOf\":{\"@id\":\"https:\/\/www.chsok.sk\/#website\"},\"primaryImageOfPage\":{\"@id\":\"https:\/\/www.chsok.sk\/historia\/#primaryimage\"},\"image\":{\"@id\":\"https:\/\/www.chsok.sk\/historia\/#primaryimage\"},\"thumbnailUrl\":\"https:\/\/www.chsok.sk\/wp-content\/uploads\/2023\/07\/CHSOK-logo-3-1024x316.png\",\"datePublished\":\"2024-09-26T15:53:09+00:00\",\"dateModified\":\"2024-10-18T19:22:18+00:00\",\"breadcrumb\":{\"@id\":\"https:\/\/www.chsok.sk\/historia\/#breadcrumb\"},\"inLanguage\":\"hr\",\"potentialAction\":[{\"@type\":\"ReadAction\",\"target\":[\"https:\/\/www.chsok.sk\/historia\/\"]}]},{\"@type\":\"ImageObject\",\"inLanguage\":\"hr\",\"@id\":\"https:\/\/www.chsok.sk\/historia\/#primaryimage\",\"url\":\"https:\/\/www.chsok.sk\/wp-content\/uploads\/2023\/07\/CHSOK-logo-3-1024x316.png\",\"contentUrl\":\"https:\/\/www.chsok.sk\/wp-content\/uploads\/2023\/07\/CHSOK-logo-3-1024x316.png\"},{\"@type\":\"BreadcrumbList\",\"@id\":\"https:\/\/www.chsok.sk\/historia\/#breadcrumb\",\"itemListElement\":[{\"@type\":\"ListItem\",\"position\":1,\"name\":\"Home\",\"item\":\"https:\/\/www.chsok.sk\/\"},{\"@type\":\"ListItem\",\"position\":2,\"name\":\"Hist\u00f3ria\"}]},{\"@type\":\"WebSite\",\"@id\":\"https:\/\/www.chsok.sk\/#website\",\"url\":\"https:\/\/www.chsok.sk\/\",\"name\":\"Chorv\u00e1tsko - Slovensk\u00e1 Obchodn\u00e1 Komora\",\"description\":\"Sp\u00e1jame Slovensko a Chorv\u00e1tsko\",\"publisher\":{\"@id\":\"https:\/\/www.chsok.sk\/#organization\"},\"potentialAction\":[{\"@type\":\"SearchAction\",\"target\":{\"@type\":\"EntryPoint\",\"urlTemplate\":\"https:\/\/www.chsok.sk\/?s={search_term_string}\"},\"query-input\":{\"@type\":\"PropertyValueSpecification\",\"valueRequired\":true,\"valueName\":\"search_term_string\"}}],\"inLanguage\":\"hr\"},{\"@type\":\"Organization\",\"@id\":\"https:\/\/www.chsok.sk\/#organization\",\"name\":\"Chorv\u00e1tsko - Slovensk\u00e1 Obchodn\u00e1 Komora\",\"url\":\"https:\/\/www.chsok.sk\/\",\"logo\":{\"@type\":\"ImageObject\",\"inLanguage\":\"hr\",\"@id\":\"https:\/\/www.chsok.sk\/#\/schema\/logo\/image\/\",\"url\":\"https:\/\/www.chsok.sk\/wp-content\/uploads\/2023\/07\/cropped-CHSOK-Official-logo.png\",\"contentUrl\":\"https:\/\/www.chsok.sk\/wp-content\/uploads\/2023\/07\/cropped-CHSOK-Official-logo.png\",\"width\":274,\"height\":370,\"caption\":\"Chorv\u00e1tsko - Slovensk\u00e1 Obchodn\u00e1 Komora\"},\"image\":{\"@id\":\"https:\/\/www.chsok.sk\/#\/schema\/logo\/image\/\"}}]}<\/script>\n<!-- \/ Yoast SEO plugin. -->","yoast_head_json":{"title":"Hist\u00f3ria - Chorv\u00e1tsko - Slovensk\u00e1 Obchodn\u00e1 Komora","robots":{"index":"index","follow":"follow","max-snippet":"max-snippet:-1","max-image-preview":"max-image-preview:large","max-video-preview":"max-video-preview:-1"},"canonical":"https:\/\/www.chsok.sk\/hr\/historia\/","og_locale":"hr_HR","og_type":"article","og_title":"Hist\u00f3ria - Chorv\u00e1tsko - Slovensk\u00e1 Obchodn\u00e1 Komora","og_description":"Hist\u00f3ria Chorv\u00e1tsko &#8211; Slovensk\u00e1 Obchodn\u00e1 Komora m\u00e1 bohat\u00fa hist\u00f3riu, ktor\u00e1 sa datuje od jej vzniku v roku 2008. Pod veden\u00edm jej prv\u00e9ho predsedu sa Komora pustila do misie posil\u0148ovania bilater\u00e1lnych obchodn\u00fdch v\u00e4zieb medzi Chorv\u00e1tskom a Slovenskom. Komora, ktor\u00e1 mala p\u00f4vodne s\u00eddlo v Tren\u010d\u00edne, zohr\u00e1vala k\u013e\u00fa\u010dov\u00fa \u00falohu pri u\u013eah\u010dovan\u00ed obchodu, spolupr\u00e1ce a diplomatick\u00fdch vz\u0165ahov medzi oboma [&hellip;]","og_url":"https:\/\/www.chsok.sk\/hr\/historia\/","og_site_name":"Chorv\u00e1tsko - Slovensk\u00e1 Obchodn\u00e1 Komora","article_modified_time":"2024-10-18T19:22:18+00:00","og_image":[{"width":1189,"height":367,"url":"https:\/\/www.chsok.sk\/wp-content\/uploads\/2023\/07\/CHSOK-logo-3.png","type":"image\/png"}],"twitter_card":"summary_large_image","twitter_misc":{"Procijenjeno vrijeme \u010ditanja":"3 minute"},"schema":{"@context":"https:\/\/schema.org","@graph":[{"@type":"WebPage","@id":"https:\/\/www.chsok.sk\/historia\/","url":"https:\/\/www.chsok.sk\/historia\/","name":"Hist\u00f3ria - Chorv\u00e1tsko - Slovensk\u00e1 Obchodn\u00e1 Komora","isPartOf":{"@id":"https:\/\/www.chsok.sk\/#website"},"primaryImageOfPage":{"@id":"https:\/\/www.chsok.sk\/historia\/#primaryimage"},"image":{"@id":"https:\/\/www.chsok.sk\/historia\/#primaryimage"},"thumbnailUrl":"https:\/\/www.chsok.sk\/wp-content\/uploads\/2023\/07\/CHSOK-logo-3-1024x316.png","datePublished":"2024-09-26T15:53:09+00:00","dateModified":"2024-10-18T19:22:18+00:00","breadcrumb":{"@id":"https:\/\/www.chsok.sk\/historia\/#breadcrumb"},"inLanguage":"hr","potentialAction":[{"@type":"ReadAction","target":["https:\/\/www.chsok.sk\/historia\/"]}]},{"@type":"ImageObject","inLanguage":"hr","@id":"https:\/\/www.chsok.sk\/historia\/#primaryimage","url":"https:\/\/www.chsok.sk\/wp-content\/uploads\/2023\/07\/CHSOK-logo-3-1024x316.png","contentUrl":"https:\/\/www.chsok.sk\/wp-content\/uploads\/2023\/07\/CHSOK-logo-3-1024x316.png"},{"@type":"BreadcrumbList","@id":"https:\/\/www.chsok.sk\/historia\/#breadcrumb","itemListElement":[{"@type":"ListItem","position":1,"name":"Home","item":"https:\/\/www.chsok.sk\/"},{"@type":"ListItem","position":2,"name":"Hist\u00f3ria"}]},{"@type":"WebSite","@id":"https:\/\/www.chsok.sk\/#website","url":"https:\/\/www.chsok.sk\/","name":"Chorv\u00e1tsko - Slovensk\u00e1 Obchodn\u00e1 Komora","description":"Sp\u00e1jame Slovensko a Chorv\u00e1tsko","publisher":{"@id":"https:\/\/www.chsok.sk\/#organization"},"potentialAction":[{"@type":"SearchAction","target":{"@type":"EntryPoint","urlTemplate":"https:\/\/www.chsok.sk\/?s={search_term_string}"},"query-input":{"@type":"PropertyValueSpecification","valueRequired":true,"valueName":"search_term_string"}}],"inLanguage":"hr"},{"@type":"Organization","@id":"https:\/\/www.chsok.sk\/#organization","name":"Chorv\u00e1tsko - Slovensk\u00e1 Obchodn\u00e1 Komora","url":"https:\/\/www.chsok.sk\/","logo":{"@type":"ImageObject","inLanguage":"hr","@id":"https:\/\/www.chsok.sk\/#\/schema\/logo\/image\/","url":"https:\/\/www.chsok.sk\/wp-content\/uploads\/2023\/07\/cropped-CHSOK-Official-logo.png","contentUrl":"https:\/\/www.chsok.sk\/wp-content\/uploads\/2023\/07\/cropped-CHSOK-Official-logo.png","width":274,"height":370,"caption":"Chorv\u00e1tsko - Slovensk\u00e1 Obchodn\u00e1 Komora"},"image":{"@id":"https:\/\/www.chsok.sk\/#\/schema\/logo\/image\/"}}]}},"_links":{"self":[{"href":"https:\/\/www.chsok.sk\/hr\/wp-json\/wp\/v2\/pages\/777","targetHints":{"allow":["GET"]}}],"collection":[{"href":"https:\/\/www.chsok.sk\/hr\/wp-json\/wp\/v2\/pages"}],"about":[{"href":"https:\/\/www.chsok.sk\/hr\/wp-json\/wp\/v2\/types\/page"}],"author":[{"embeddable":true,"href":"https:\/\/www.chsok.sk\/hr\/wp-json\/wp\/v2\/users\/1"}],"replies":[{"embeddable":true,"href":"https:\/\/www.chsok.sk\/hr\/wp-json\/wp\/v2\/comments?post=777"}],"version-history":[{"count":6,"href":"https:\/\/www.chsok.sk\/hr\/wp-json\/wp\/v2\/pages\/777\/revisions"}],"predecessor-version":[{"id":1403,"href":"https:\/\/www.chsok.sk\/hr\/wp-json\/wp\/v2\/pages\/777\/revisions\/1403"}],"wp:attachment":[{"href":"https:\/\/www.chsok.sk\/hr\/wp-json\/wp\/v2\/media?parent=777"}],"curies":[{"name":"wp","href":"https:\/\/api.w.org\/{rel}","templated":true}]}}