{"id":468,"date":"2023-07-27T15:34:59","date_gmt":"2023-07-27T13:34:59","guid":{"rendered":"https:\/\/www.chsok.sk\/?page_id=468"},"modified":"2024-10-23T15:20:19","modified_gmt":"2024-10-23T13:20:19","slug":"pracovne-ponuky","status":"publish","type":"page","link":"https:\/\/www.chsok.sk\/hr\/pracovne-ponuky\/","title":{"rendered":"Ponude za posao"},"content":{"rendered":"<div data-elementor-type=\"wp-page\" data-elementor-id=\"468\" class=\"elementor elementor-468\" data-elementor-post-type=\"page\">\n\t\t\t\t\t\t<section class=\"elementor-section elementor-top-section elementor-element elementor-element-ec5e167 elementor-section-full_width elementor-section-height-min-height elementor-section-content-middle elementor-section-height-default elementor-section-items-middle\" data-id=\"ec5e167\" data-element_type=\"section\" data-e-type=\"section\" data-settings=\"{&quot;background_background&quot;:&quot;slideshow&quot;,&quot;background_slideshow_gallery&quot;:[{&quot;id&quot;:243,&quot;url&quot;:&quot;https:\\\/\\\/www.chsok.sk\\\/wp-content\\\/uploads\\\/2023\\\/07\\\/BRATISLAVA-scaled.jpg&quot;},{&quot;id&quot;:233,&quot;url&quot;:&quot;https:\\\/\\\/www.chsok.sk\\\/wp-content\\\/uploads\\\/2023\\\/07\\\/ZAGREB.jpeg&quot;},{&quot;id&quot;:237,&quot;url&quot;:&quot;https:\\\/\\\/www.chsok.sk\\\/wp-content\\\/uploads\\\/2023\\\/07\\\/TATRY.jpeg&quot;},{&quot;id&quot;:241,&quot;url&quot;:&quot;https:\\\/\\\/www.chsok.sk\\\/wp-content\\\/uploads\\\/2023\\\/07\\\/KRKA-scaled.jpeg&quot;},{&quot;id&quot;:239,&quot;url&quot;:&quot;https:\\\/\\\/www.chsok.sk\\\/wp-content\\\/uploads\\\/2023\\\/07\\\/TRENCIN.jpg&quot;},{&quot;id&quot;:231,&quot;url&quot;:&quot;https:\\\/\\\/www.chsok.sk\\\/wp-content\\\/uploads\\\/2023\\\/07\\\/RIJEKA-scaled.jpeg&quot;},{&quot;id&quot;:236,&quot;url&quot;:&quot;https:\\\/\\\/www.chsok.sk\\\/wp-content\\\/uploads\\\/2023\\\/07\\\/SLOVENSKY-RAJ.jpeg&quot;},{&quot;id&quot;:229,&quot;url&quot;:&quot;https:\\\/\\\/www.chsok.sk\\\/wp-content\\\/uploads\\\/2023\\\/07\\\/DUBROVNIK.jpeg&quot;}],&quot;background_slideshow_lazyload&quot;:&quot;yes&quot;,&quot;background_slideshow_ken_burns&quot;:&quot;yes&quot;,&quot;background_slideshow_ken_burns_zoom_direction&quot;:&quot;out&quot;,&quot;shape_divider_bottom&quot;:&quot;opacity-fan&quot;,&quot;background_slideshow_loop&quot;:&quot;yes&quot;,&quot;background_slideshow_slide_duration&quot;:5000,&quot;background_slideshow_slide_transition&quot;:&quot;fade&quot;,&quot;background_slideshow_transition_duration&quot;:500}\">\n\t\t\t\t\t\t\t<div class=\"elementor-background-overlay\"><\/div>\n\t\t\t\t\t\t<div class=\"elementor-shape elementor-shape-bottom\" aria-hidden=\"true\" data-negative=\"false\">\n\t\t\t<svg xmlns=\"http:\/\/www.w3.org\/2000\/svg\" viewbox=\"0 0 283.5 19.6\" preserveaspectratio=\"none\">\n\t<path class=\"elementor-shape-fill\" style=\"opacity:0.33\" d=\"M0 0L0 18.8 141.8 4.1 283.5 18.8 283.5 0z\"\/>\n\t<path class=\"elementor-shape-fill\" style=\"opacity:0.33\" d=\"M0 0L0 12.6 141.8 4 283.5 12.6 283.5 0z\"\/>\n\t<path class=\"elementor-shape-fill\" style=\"opacity:0.33\" d=\"M0 0L0 6.4 141.8 4 283.5 6.4 283.5 0z\"\/>\n\t<path class=\"elementor-shape-fill\" d=\"M0 0L0 1.2 141.8 4 283.5 1.2 283.5 0z\"\/>\n<\/svg>\t\t<\/div>\n\t\t\t\t\t<div class=\"elementor-container elementor-column-gap-default\">\n\t\t\t\t\t<div class=\"elementor-column elementor-col-100 elementor-top-column elementor-element elementor-element-47420f3e\" data-id=\"47420f3e\" data-element_type=\"column\" data-e-type=\"column\">\n\t\t\t<div class=\"elementor-widget-wrap elementor-element-populated\">\n\t\t\t\t\t\t<div class=\"elementor-element elementor-element-6d295b49 elementor-widget elementor-widget-heading\" data-id=\"6d295b49\" data-element_type=\"widget\" data-e-type=\"widget\" data-widget_type=\"heading.default\">\n\t\t\t\t<div class=\"elementor-widget-container\">\n\t\t\t\t\t<h2 class=\"elementor-heading-title elementor-size-default\">Ponude za posao<\/h2>\t\t\t\t<\/div>\n\t\t\t\t<\/div>\n\t\t\t\t\t<\/div>\n\t\t<\/div>\n\t\t\t\t\t<\/div>\n\t\t<\/section>\n\t\t\t\t<section class=\"elementor-section elementor-top-section elementor-element elementor-element-596201a8 elementor-section-full_width elementor-section-height-default elementor-section-height-default\" data-id=\"596201a8\" data-element_type=\"section\" data-e-type=\"section\">\n\t\t\t\t\t\t<div class=\"elementor-container elementor-column-gap-default\">\n\t\t\t\t\t<div class=\"elementor-column elementor-col-100 elementor-top-column elementor-element elementor-element-4932b33d\" data-id=\"4932b33d\" data-element_type=\"column\" data-e-type=\"column\">\n\t\t\t<div class=\"elementor-widget-wrap elementor-element-populated\">\n\t\t\t\t\t\t<div class=\"elementor-element elementor-element-47fe97d5 elementor-widget elementor-widget-image\" data-id=\"47fe97d5\" data-element_type=\"widget\" data-e-type=\"widget\" data-widget_type=\"image.default\">\n\t\t\t\t<div class=\"elementor-widget-container\">\n\t\t\t\t\t\t\t\t\t\t\t\t\t\t\t<img fetchpriority=\"high\" decoding=\"async\" width=\"1024\" height=\"316\" src=\"https:\/\/www.chsok.sk\/wp-content\/uploads\/2023\/08\/HR-copy.png\" class=\"attachment-large size-large wp-image-318\" alt=\"\" srcset=\"https:\/\/www.chsok.sk\/wp-content\/uploads\/2023\/08\/HR-copy.png 1520w, https:\/\/www.chsok.sk\/wp-content\/uploads\/2023\/08\/HR-copy-300x95.png 300w, https:\/\/www.chsok.sk\/wp-content\/uploads\/2023\/08\/HR-copy-1024x325.png 1024w, https:\/\/www.chsok.sk\/wp-content\/uploads\/2023\/08\/HR-copy-768x244.png 768w, https:\/\/www.chsok.sk\/wp-content\/uploads\/2023\/08\/HR-copy-18x6.png 18w\" sizes=\"(max-width: 1024px) 100vw, 1024px\" \/>\t\t\t\t\t\t\t\t\t\t\t\t\t\t\t<\/div>\n\t\t\t\t<\/div>\n\t\t\t\t<div class=\"elementor-element elementor-element-1510ae99 elementor-widget-divider--view-line elementor-widget elementor-widget-divider\" data-id=\"1510ae99\" data-element_type=\"widget\" data-e-type=\"widget\" data-widget_type=\"divider.default\">\n\t\t\t\t<div class=\"elementor-widget-container\">\n\t\t\t\t\t\t\t<div class=\"elementor-divider\">\n\t\t\t<span class=\"elementor-divider-separator\">\n\t\t\t\t\t\t<\/span>\n\t\t<\/div>\n\t\t\t\t\t\t<\/div>\n\t\t\t\t<\/div>\n\t\t\t\t\t<\/div>\n\t\t<\/div>\n\t\t\t\t\t<\/div>\n\t\t<\/section>\n\t\t\t\t<section class=\"elementor-section elementor-top-section elementor-element elementor-element-0986829 elementor-section-boxed elementor-section-height-default elementor-section-height-default\" data-id=\"0986829\" data-element_type=\"section\" data-e-type=\"section\">\n\t\t\t\t\t\t<div class=\"elementor-container elementor-column-gap-default\">\n\t\t\t\t\t<div class=\"elementor-column elementor-col-100 elementor-top-column elementor-element elementor-element-5b8f319\" data-id=\"5b8f319\" data-element_type=\"column\" data-e-type=\"column\">\n\t\t\t<div class=\"elementor-widget-wrap elementor-element-populated\">\n\t\t\t\t\t\t<div class=\"elementor-element elementor-element-19e581c elementor-widget elementor-widget-spacer\" data-id=\"19e581c\" data-element_type=\"widget\" data-e-type=\"widget\" data-widget_type=\"spacer.default\">\n\t\t\t\t<div class=\"elementor-widget-container\">\n\t\t\t\t\t\t\t<div class=\"elementor-spacer\">\n\t\t\t<div class=\"elementor-spacer-inner\"><\/div>\n\t\t<\/div>\n\t\t\t\t\t\t<\/div>\n\t\t\t\t<\/div>\n\t\t\t\t<div class=\"elementor-element elementor-element-7bccf141 elementor-widget elementor-widget-heading\" data-id=\"7bccf141\" data-element_type=\"widget\" data-e-type=\"widget\" data-widget_type=\"heading.default\">\n\t\t\t\t<div class=\"elementor-widget-container\">\n\t\t\t\t\t<h2 class=\"elementor-heading-title elementor-size-default\">Praksa u Hrvatsko \u2013 Slova\u010dkoj Gospodarskoj Komori!<\/h2>\t\t\t\t<\/div>\n\t\t\t\t<\/div>\n\t\t\t\t<div class=\"elementor-element elementor-element-77cb312 elementor-widget elementor-widget-text-editor\" data-id=\"77cb312\" data-element_type=\"widget\" data-e-type=\"widget\" data-widget_type=\"text-editor.default\">\n\t\t\t\t<div class=\"elementor-widget-container\">\n\t\t\t\t\t\t\t\t\t<p style=\"font-weight: 400;\">Jeste li ambiciozna osoba koja \u017eeli zapo\u010deti uspje\u0161nu karijeru u dinami\u010dnom me\u0111unarodnom okru\u017eenju? Ne tra\u017eite dalje!\nHrvatsko \u2013 Slova\u010dka Gospodarska Komora (CHSOK) tra\u017ei talentiranog praktikanta koji \u0107e se pridru\u017eiti na\u0161em timu na tromjese\u010dnom probnom razdoblju, s mogu\u0107no\u0161\u0107u stalnog zaposlenja u budu\u0107nosti.<\/p><p>\u00a0<\/p><p style=\"font-weight: 400;\"><span style=\"text-decoration: underline;\"><strong>Klju\u010dne odgovornosti:<\/strong><\/span><\/p><p style=\"font-weight: 400;\">Aktivno tra\u017eenje novih \u010dlanova putem direktne komunikacije.<\/p><p style=\"font-weight: 400;\">Sudjelovanje na networking doga\u0111ajima, dr\u017eavnim i poslovnim skupovima, stru\u010dnim konferencijama i edukativnim forumima u Slova\u010dkoj i Hrvatskoj.<\/p><p style=\"font-weight: 400;\">Pomo\u0107 u organizaciji i koordinaciji doga\u0111anja, radionica i seminara Komore.<\/p><p style=\"font-weight: 400;\">Podr\u0161ka u svakodnevnim operativnim i administrativnim zadacima prema potrebi.<\/p><p>\u00a0<\/p><p style=\"font-weight: 400;\"><span style=\"text-decoration: underline;\"><strong>\u0160to nudimo?<\/strong><\/span><\/p><p style=\"font-weight: 400;\"><strong>Provizijske nagrade<\/strong><\/p><p style=\"font-weight: 400;\" class=\"translation-block\">Dobijte proviziju za svako novo \u010dlanstvo ostvareno va\u0161im anga\u017emanom ve\u0107 tijekom tromjese\u010dne prakse.<\/p><p style=\"font-weight: 400;\"><strong>Mogu\u0107nost U\u010denja<\/strong><\/p><p style=\"font-weight: 400;\">Steknite neprocjenjivo iskustvo sudjelovanjem na raznim stru\u010dnim doga\u0111ajima, redovitim osobnim kontaktom s me\u0111unarodnim poslovnim subjektima i osobnim mentorstvom od strane Uprave Komore.<\/p><p style=\"font-weight: 400;\"><strong>Mogu\u0107nost Putovanja<\/strong><\/p><p style=\"font-weight: 400;\">Ostvarite nezaboravna iskustva putuju\u0107i u razli\u010dite zemlje i sudjeluju\u0107i na brojnim me\u0111unarodnim sastancima.<\/p><p style=\"font-weight: 400;\"><strong>Mogu\u0107nost Stalnog zaposlenja<\/strong><\/p><p style=\"font-weight: 400;\">Uspje\u0161ni praktikanti mogu postati stalni \u010dlanovi Uprave Komore s sigurnom pla\u0107om ili dobiti posao kod jednog od \u010dlanova na preporuku Komore.<\/p><p>\u00a0<\/p><p style=\"font-weight: 400;\"><span style=\"text-decoration: underline;\"><strong>Uvjeti:<\/strong><\/span><\/p><p style=\"font-weight: 400;\">Izvrsno poznavanje slova\u010dkog i hrvatskog jezika (govorno i pismeno).<\/p><p style=\"font-weight: 400;\">Sposobnost konverzacije na engleskom jeziku.<\/p><p style=\"font-weight: 400;\">Izra\u017eene komunikacijske i interpersonalne vje\u0161tine.<\/p><p style=\"font-weight: 400;\">Proaktivan i rezultatski orijentiran pristup radu.<\/p><p style=\"font-weight: 400;\">Sposobnost samostalnog i timskog rada (rad od ku\u0107e i u uredu).<\/p><p>\u00a0<\/p><p style=\"font-weight: 400;\"><span style=\"text-decoration: underline;\"><strong>Po\u0161aljite svoj \u017eivotopis i kratko motivacijsko pismo s obja\u0161njenjem \u201cZa\u0161to bismo trebali odabrati ba\u0161 vas?\u201d na <a href=\"mailto:info@chsok.sk\">info@chsok.sk<\/a> i javit \u0107emo vam se s povratnim odgovorom. <\/strong><\/span><\/p><p style=\"font-weight: 400;\">Ne propustite priliku za pokretanje va\u0161e karijere i zna\u010dajan doprinos hrvatsko \u2013 slova\u010dkoj poslovnoj zajednici!<\/p><p style=\"font-weight: 400;\">Veselimo se va\u0161im prijavama!<\/p>\t\t\t\t\t\t\t\t<\/div>\n\t\t\t\t<\/div>\n\t\t\t\t<div class=\"elementor-element elementor-element-917a0e1 elementor-widget elementor-widget-spacer\" data-id=\"917a0e1\" data-element_type=\"widget\" data-e-type=\"widget\" data-widget_type=\"spacer.default\">\n\t\t\t\t<div class=\"elementor-widget-container\">\n\t\t\t\t\t\t\t<div class=\"elementor-spacer\">\n\t\t\t<div class=\"elementor-spacer-inner\"><\/div>\n\t\t<\/div>\n\t\t\t\t\t\t<\/div>\n\t\t\t\t<\/div>\n\t\t\t\t\t<\/div>\n\t\t<\/div>\n\t\t\t\t\t<\/div>\n\t\t<\/section>\n\t\t\t\t<\/div>","protected":false},"excerpt":{"rendered":"<p>Pracovn\u00e9 ponuky St\u00e1\u017e v Chorv\u00e1tsko &#8211; Slovenskej Obchodnej Komore! Ste ambici\u00f3zna osoba, ktor\u00e1 t\u00fa\u017ei od\u0161tartova\u0165 svoju \u00faspe\u0161n\u00fa kari\u00e9ru v dynamickom medzin\u00e1rodnom prostred\u00ed? Netreba \u010falej p\u00e1tra\u0165! Chorv\u00e1tsko &#8211; Slovensk\u00e1 Obchodn\u00e1 Komora (CHSOK) h\u013ead\u00e1 talentovan\u00e9ho st\u00e1\u017eistu na zapojenie sa do n\u00e1\u0161ho t\u00edmu na trojmesa\u010dn\u00e9 sk\u00fa\u0161obn\u00e9 obdobie, s mo\u017enos\u0165ou st\u00e1leho zamestania v bud\u00facnosti. \u00a0 K\u013e\u00fa\u010dov\u00e9 Zodpovednosti: N\u00e1bor \u010dlenov [&hellip;]<\/p>","protected":false},"author":1,"featured_media":0,"parent":0,"menu_order":0,"comment_status":"closed","ping_status":"closed","template":"elementor_header_footer","meta":{"_monsterinsights_skip_tracking":false,"_monsterinsights_sitenote_active":false,"_monsterinsights_sitenote_note":"","_monsterinsights_sitenote_category":0,"footnotes":""},"class_list":["post-468","page","type-page","status-publish","hentry","entry"],"yoast_head":"<!-- This site is optimized with the Yoast SEO plugin v24.4 - https:\/\/yoast.com\/wordpress\/plugins\/seo\/ -->\n<title>Pracovn\u00e9 ponuky - Chorv\u00e1tsko - Slovensk\u00e1 Obchodn\u00e1 Komora<\/title>\n<meta name=\"robots\" content=\"index, follow, max-snippet:-1, max-image-preview:large, max-video-preview:-1\" \/>\n<link rel=\"canonical\" href=\"https:\/\/www.chsok.sk\/hr\/pracovne-ponuky\/\" \/>\n<meta property=\"og:locale\" content=\"hr_HR\" \/>\n<meta property=\"og:type\" content=\"article\" \/>\n<meta property=\"og:title\" content=\"Pracovn\u00e9 ponuky - Chorv\u00e1tsko - Slovensk\u00e1 Obchodn\u00e1 Komora\" \/>\n<meta property=\"og:description\" content=\"Pracovn\u00e9 ponuky St\u00e1\u017e v Chorv\u00e1tsko &#8211; Slovenskej Obchodnej Komore! Ste ambici\u00f3zna osoba, ktor\u00e1 t\u00fa\u017ei od\u0161tartova\u0165 svoju \u00faspe\u0161n\u00fa kari\u00e9ru v dynamickom medzin\u00e1rodnom prostred\u00ed? Netreba \u010falej p\u00e1tra\u0165! Chorv\u00e1tsko &#8211; Slovensk\u00e1 Obchodn\u00e1 Komora (CHSOK) h\u013ead\u00e1 talentovan\u00e9ho st\u00e1\u017eistu na zapojenie sa do n\u00e1\u0161ho t\u00edmu na trojmesa\u010dn\u00e9 sk\u00fa\u0161obn\u00e9 obdobie, s mo\u017enos\u0165ou st\u00e1leho zamestania v bud\u00facnosti. \u00a0 K\u013e\u00fa\u010dov\u00e9 Zodpovednosti: N\u00e1bor \u010dlenov [&hellip;]\" \/>\n<meta property=\"og:url\" content=\"https:\/\/www.chsok.sk\/hr\/pracovne-ponuky\/\" \/>\n<meta property=\"og:site_name\" content=\"Chorv\u00e1tsko - Slovensk\u00e1 Obchodn\u00e1 Komora\" \/>\n<meta property=\"article:modified_time\" content=\"2024-10-23T13:20:19+00:00\" \/>\n<meta property=\"og:image\" content=\"https:\/\/www.chsok.sk\/wp-content\/uploads\/2023\/07\/CHSOK-logo-3.png\" \/>\n\t<meta property=\"og:image:width\" content=\"1189\" \/>\n\t<meta property=\"og:image:height\" content=\"367\" \/>\n\t<meta property=\"og:image:type\" content=\"image\/png\" \/>\n<meta name=\"twitter:card\" content=\"summary_large_image\" \/>\n<meta name=\"twitter:label1\" content=\"Procijenjeno vrijeme \u010ditanja\" \/>\n\t<meta name=\"twitter:data1\" content=\"2 minute\" \/>\n<script type=\"application\/ld+json\" class=\"yoast-schema-graph\">{\"@context\":\"https:\/\/schema.org\",\"@graph\":[{\"@type\":\"WebPage\",\"@id\":\"https:\/\/www.chsok.sk\/pracovne-ponuky\/\",\"url\":\"https:\/\/www.chsok.sk\/pracovne-ponuky\/\",\"name\":\"Pracovn\u00e9 ponuky - Chorv\u00e1tsko - Slovensk\u00e1 Obchodn\u00e1 Komora\",\"isPartOf\":{\"@id\":\"https:\/\/www.chsok.sk\/#website\"},\"primaryImageOfPage\":{\"@id\":\"https:\/\/www.chsok.sk\/pracovne-ponuky\/#primaryimage\"},\"image\":{\"@id\":\"https:\/\/www.chsok.sk\/pracovne-ponuky\/#primaryimage\"},\"thumbnailUrl\":\"https:\/\/www.chsok.sk\/wp-content\/uploads\/2023\/07\/CHSOK-logo-3-1024x316.png\",\"datePublished\":\"2023-07-27T13:34:59+00:00\",\"dateModified\":\"2024-10-23T13:20:19+00:00\",\"breadcrumb\":{\"@id\":\"https:\/\/www.chsok.sk\/pracovne-ponuky\/#breadcrumb\"},\"inLanguage\":\"hr\",\"potentialAction\":[{\"@type\":\"ReadAction\",\"target\":[\"https:\/\/www.chsok.sk\/pracovne-ponuky\/\"]}]},{\"@type\":\"ImageObject\",\"inLanguage\":\"hr\",\"@id\":\"https:\/\/www.chsok.sk\/pracovne-ponuky\/#primaryimage\",\"url\":\"https:\/\/www.chsok.sk\/wp-content\/uploads\/2023\/07\/CHSOK-logo-3-1024x316.png\",\"contentUrl\":\"https:\/\/www.chsok.sk\/wp-content\/uploads\/2023\/07\/CHSOK-logo-3-1024x316.png\"},{\"@type\":\"BreadcrumbList\",\"@id\":\"https:\/\/www.chsok.sk\/pracovne-ponuky\/#breadcrumb\",\"itemListElement\":[{\"@type\":\"ListItem\",\"position\":1,\"name\":\"Home\",\"item\":\"https:\/\/www.chsok.sk\/\"},{\"@type\":\"ListItem\",\"position\":2,\"name\":\"Pracovn\u00e9 ponuky\"}]},{\"@type\":\"WebSite\",\"@id\":\"https:\/\/www.chsok.sk\/#website\",\"url\":\"https:\/\/www.chsok.sk\/\",\"name\":\"Chorv\u00e1tsko - Slovensk\u00e1 Obchodn\u00e1 Komora\",\"description\":\"Sp\u00e1jame Slovensko a Chorv\u00e1tsko\",\"publisher\":{\"@id\":\"https:\/\/www.chsok.sk\/#organization\"},\"potentialAction\":[{\"@type\":\"SearchAction\",\"target\":{\"@type\":\"EntryPoint\",\"urlTemplate\":\"https:\/\/www.chsok.sk\/?s={search_term_string}\"},\"query-input\":{\"@type\":\"PropertyValueSpecification\",\"valueRequired\":true,\"valueName\":\"search_term_string\"}}],\"inLanguage\":\"hr\"},{\"@type\":\"Organization\",\"@id\":\"https:\/\/www.chsok.sk\/#organization\",\"name\":\"Chorv\u00e1tsko - Slovensk\u00e1 Obchodn\u00e1 Komora\",\"url\":\"https:\/\/www.chsok.sk\/\",\"logo\":{\"@type\":\"ImageObject\",\"inLanguage\":\"hr\",\"@id\":\"https:\/\/www.chsok.sk\/#\/schema\/logo\/image\/\",\"url\":\"https:\/\/www.chsok.sk\/wp-content\/uploads\/2023\/07\/cropped-CHSOK-Official-logo.png\",\"contentUrl\":\"https:\/\/www.chsok.sk\/wp-content\/uploads\/2023\/07\/cropped-CHSOK-Official-logo.png\",\"width\":274,\"height\":370,\"caption\":\"Chorv\u00e1tsko - Slovensk\u00e1 Obchodn\u00e1 Komora\"},\"image\":{\"@id\":\"https:\/\/www.chsok.sk\/#\/schema\/logo\/image\/\"}}]}<\/script>\n<!-- \/ Yoast SEO plugin. -->","yoast_head_json":{"title":"Pracovn\u00e9 ponuky - Chorv\u00e1tsko - Slovensk\u00e1 Obchodn\u00e1 Komora","robots":{"index":"index","follow":"follow","max-snippet":"max-snippet:-1","max-image-preview":"max-image-preview:large","max-video-preview":"max-video-preview:-1"},"canonical":"https:\/\/www.chsok.sk\/hr\/pracovne-ponuky\/","og_locale":"hr_HR","og_type":"article","og_title":"Pracovn\u00e9 ponuky - Chorv\u00e1tsko - Slovensk\u00e1 Obchodn\u00e1 Komora","og_description":"Pracovn\u00e9 ponuky St\u00e1\u017e v Chorv\u00e1tsko &#8211; Slovenskej Obchodnej Komore! Ste ambici\u00f3zna osoba, ktor\u00e1 t\u00fa\u017ei od\u0161tartova\u0165 svoju \u00faspe\u0161n\u00fa kari\u00e9ru v dynamickom medzin\u00e1rodnom prostred\u00ed? Netreba \u010falej p\u00e1tra\u0165! Chorv\u00e1tsko &#8211; Slovensk\u00e1 Obchodn\u00e1 Komora (CHSOK) h\u013ead\u00e1 talentovan\u00e9ho st\u00e1\u017eistu na zapojenie sa do n\u00e1\u0161ho t\u00edmu na trojmesa\u010dn\u00e9 sk\u00fa\u0161obn\u00e9 obdobie, s mo\u017enos\u0165ou st\u00e1leho zamestania v bud\u00facnosti. \u00a0 K\u013e\u00fa\u010dov\u00e9 Zodpovednosti: N\u00e1bor \u010dlenov [&hellip;]","og_url":"https:\/\/www.chsok.sk\/hr\/pracovne-ponuky\/","og_site_name":"Chorv\u00e1tsko - Slovensk\u00e1 Obchodn\u00e1 Komora","article_modified_time":"2024-10-23T13:20:19+00:00","og_image":[{"width":1189,"height":367,"url":"https:\/\/www.chsok.sk\/wp-content\/uploads\/2023\/07\/CHSOK-logo-3.png","type":"image\/png"}],"twitter_card":"summary_large_image","twitter_misc":{"Procijenjeno vrijeme \u010ditanja":"2 minute"},"schema":{"@context":"https:\/\/schema.org","@graph":[{"@type":"WebPage","@id":"https:\/\/www.chsok.sk\/pracovne-ponuky\/","url":"https:\/\/www.chsok.sk\/pracovne-ponuky\/","name":"Pracovn\u00e9 ponuky - Chorv\u00e1tsko - Slovensk\u00e1 Obchodn\u00e1 Komora","isPartOf":{"@id":"https:\/\/www.chsok.sk\/#website"},"primaryImageOfPage":{"@id":"https:\/\/www.chsok.sk\/pracovne-ponuky\/#primaryimage"},"image":{"@id":"https:\/\/www.chsok.sk\/pracovne-ponuky\/#primaryimage"},"thumbnailUrl":"https:\/\/www.chsok.sk\/wp-content\/uploads\/2023\/07\/CHSOK-logo-3-1024x316.png","datePublished":"2023-07-27T13:34:59+00:00","dateModified":"2024-10-23T13:20:19+00:00","breadcrumb":{"@id":"https:\/\/www.chsok.sk\/pracovne-ponuky\/#breadcrumb"},"inLanguage":"hr","potentialAction":[{"@type":"ReadAction","target":["https:\/\/www.chsok.sk\/pracovne-ponuky\/"]}]},{"@type":"ImageObject","inLanguage":"hr","@id":"https:\/\/www.chsok.sk\/pracovne-ponuky\/#primaryimage","url":"https:\/\/www.chsok.sk\/wp-content\/uploads\/2023\/07\/CHSOK-logo-3-1024x316.png","contentUrl":"https:\/\/www.chsok.sk\/wp-content\/uploads\/2023\/07\/CHSOK-logo-3-1024x316.png"},{"@type":"BreadcrumbList","@id":"https:\/\/www.chsok.sk\/pracovne-ponuky\/#breadcrumb","itemListElement":[{"@type":"ListItem","position":1,"name":"Home","item":"https:\/\/www.chsok.sk\/"},{"@type":"ListItem","position":2,"name":"Pracovn\u00e9 ponuky"}]},{"@type":"WebSite","@id":"https:\/\/www.chsok.sk\/#website","url":"https:\/\/www.chsok.sk\/","name":"Chorv\u00e1tsko - Slovensk\u00e1 Obchodn\u00e1 Komora","description":"Sp\u00e1jame Slovensko a Chorv\u00e1tsko","publisher":{"@id":"https:\/\/www.chsok.sk\/#organization"},"potentialAction":[{"@type":"SearchAction","target":{"@type":"EntryPoint","urlTemplate":"https:\/\/www.chsok.sk\/?s={search_term_string}"},"query-input":{"@type":"PropertyValueSpecification","valueRequired":true,"valueName":"search_term_string"}}],"inLanguage":"hr"},{"@type":"Organization","@id":"https:\/\/www.chsok.sk\/#organization","name":"Chorv\u00e1tsko - Slovensk\u00e1 Obchodn\u00e1 Komora","url":"https:\/\/www.chsok.sk\/","logo":{"@type":"ImageObject","inLanguage":"hr","@id":"https:\/\/www.chsok.sk\/#\/schema\/logo\/image\/","url":"https:\/\/www.chsok.sk\/wp-content\/uploads\/2023\/07\/cropped-CHSOK-Official-logo.png","contentUrl":"https:\/\/www.chsok.sk\/wp-content\/uploads\/2023\/07\/cropped-CHSOK-Official-logo.png","width":274,"height":370,"caption":"Chorv\u00e1tsko - Slovensk\u00e1 Obchodn\u00e1 Komora"},"image":{"@id":"https:\/\/www.chsok.sk\/#\/schema\/logo\/image\/"}}]}},"_links":{"self":[{"href":"https:\/\/www.chsok.sk\/hr\/wp-json\/wp\/v2\/pages\/468","targetHints":{"allow":["GET"]}}],"collection":[{"href":"https:\/\/www.chsok.sk\/hr\/wp-json\/wp\/v2\/pages"}],"about":[{"href":"https:\/\/www.chsok.sk\/hr\/wp-json\/wp\/v2\/types\/page"}],"author":[{"embeddable":true,"href":"https:\/\/www.chsok.sk\/hr\/wp-json\/wp\/v2\/users\/1"}],"replies":[{"embeddable":true,"href":"https:\/\/www.chsok.sk\/hr\/wp-json\/wp\/v2\/comments?post=468"}],"version-history":[{"count":6,"href":"https:\/\/www.chsok.sk\/hr\/wp-json\/wp\/v2\/pages\/468\/revisions"}],"predecessor-version":[{"id":1453,"href":"https:\/\/www.chsok.sk\/hr\/wp-json\/wp\/v2\/pages\/468\/revisions\/1453"}],"wp:attachment":[{"href":"https:\/\/www.chsok.sk\/hr\/wp-json\/wp\/v2\/media?parent=468"}],"curies":[{"name":"wp","href":"https:\/\/api.w.org\/{rel}","templated":true}]}}