{"id":463,"date":"2023-07-27T15:32:46","date_gmt":"2023-07-27T13:32:46","guid":{"rendered":"https:\/\/www.chsok.sk\/?page_id=463"},"modified":"2024-10-17T16:32:01","modified_gmt":"2024-10-17T14:32:01","slug":"podujatia","status":"publish","type":"page","link":"https:\/\/www.chsok.sk\/hr\/podujatia\/","title":{"rendered":"Doga\u0111aji"},"content":{"rendered":"<div data-elementor-type=\"wp-page\" data-elementor-id=\"463\" class=\"elementor elementor-463\" data-elementor-post-type=\"page\">\n\t\t\t\t\t\t<section class=\"elementor-section elementor-top-section elementor-element elementor-element-2b492a03 elementor-section-full_width elementor-section-height-min-height elementor-section-content-middle elementor-section-height-default elementor-section-items-middle\" data-id=\"2b492a03\" data-element_type=\"section\" data-e-type=\"section\" data-settings=\"{&quot;background_background&quot;:&quot;slideshow&quot;,&quot;background_slideshow_gallery&quot;:[{&quot;id&quot;:243,&quot;url&quot;:&quot;https:\\\/\\\/www.chsok.sk\\\/wp-content\\\/uploads\\\/2023\\\/07\\\/BRATISLAVA-scaled.jpg&quot;},{&quot;id&quot;:233,&quot;url&quot;:&quot;https:\\\/\\\/www.chsok.sk\\\/wp-content\\\/uploads\\\/2023\\\/07\\\/ZAGREB.jpeg&quot;},{&quot;id&quot;:237,&quot;url&quot;:&quot;https:\\\/\\\/www.chsok.sk\\\/wp-content\\\/uploads\\\/2023\\\/07\\\/TATRY.jpeg&quot;},{&quot;id&quot;:241,&quot;url&quot;:&quot;https:\\\/\\\/www.chsok.sk\\\/wp-content\\\/uploads\\\/2023\\\/07\\\/KRKA-scaled.jpeg&quot;},{&quot;id&quot;:239,&quot;url&quot;:&quot;https:\\\/\\\/www.chsok.sk\\\/wp-content\\\/uploads\\\/2023\\\/07\\\/TRENCIN.jpg&quot;},{&quot;id&quot;:231,&quot;url&quot;:&quot;https:\\\/\\\/www.chsok.sk\\\/wp-content\\\/uploads\\\/2023\\\/07\\\/RIJEKA-scaled.jpeg&quot;},{&quot;id&quot;:236,&quot;url&quot;:&quot;https:\\\/\\\/www.chsok.sk\\\/wp-content\\\/uploads\\\/2023\\\/07\\\/SLOVENSKY-RAJ.jpeg&quot;},{&quot;id&quot;:229,&quot;url&quot;:&quot;https:\\\/\\\/www.chsok.sk\\\/wp-content\\\/uploads\\\/2023\\\/07\\\/DUBROVNIK.jpeg&quot;}],&quot;background_slideshow_lazyload&quot;:&quot;yes&quot;,&quot;background_slideshow_ken_burns&quot;:&quot;yes&quot;,&quot;background_slideshow_ken_burns_zoom_direction&quot;:&quot;out&quot;,&quot;shape_divider_bottom&quot;:&quot;opacity-fan&quot;,&quot;background_slideshow_loop&quot;:&quot;yes&quot;,&quot;background_slideshow_slide_duration&quot;:5000,&quot;background_slideshow_slide_transition&quot;:&quot;fade&quot;,&quot;background_slideshow_transition_duration&quot;:500}\">\n\t\t\t\t\t\t\t<div class=\"elementor-background-overlay\"><\/div>\n\t\t\t\t\t\t<div class=\"elementor-shape elementor-shape-bottom\" aria-hidden=\"true\" data-negative=\"false\">\n\t\t\t<svg xmlns=\"http:\/\/www.w3.org\/2000\/svg\" viewbox=\"0 0 283.5 19.6\" preserveaspectratio=\"none\">\n\t<path class=\"elementor-shape-fill\" style=\"opacity:0.33\" d=\"M0 0L0 18.8 141.8 4.1 283.5 18.8 283.5 0z\"\/>\n\t<path class=\"elementor-shape-fill\" style=\"opacity:0.33\" d=\"M0 0L0 12.6 141.8 4 283.5 12.6 283.5 0z\"\/>\n\t<path class=\"elementor-shape-fill\" style=\"opacity:0.33\" d=\"M0 0L0 6.4 141.8 4 283.5 6.4 283.5 0z\"\/>\n\t<path class=\"elementor-shape-fill\" d=\"M0 0L0 1.2 141.8 4 283.5 1.2 283.5 0z\"\/>\n<\/svg>\t\t<\/div>\n\t\t\t\t\t<div class=\"elementor-container elementor-column-gap-default\">\n\t\t\t\t\t<div class=\"elementor-column elementor-col-100 elementor-top-column elementor-element elementor-element-35a57dc0\" data-id=\"35a57dc0\" data-element_type=\"column\" data-e-type=\"column\">\n\t\t\t<div class=\"elementor-widget-wrap elementor-element-populated\">\n\t\t\t\t\t\t<div class=\"elementor-element elementor-element-24d3c94b elementor-widget elementor-widget-heading\" data-id=\"24d3c94b\" data-element_type=\"widget\" data-e-type=\"widget\" data-widget_type=\"heading.default\">\n\t\t\t\t<div class=\"elementor-widget-container\">\n\t\t\t\t\t<h2 class=\"elementor-heading-title elementor-size-default\">Doga\u0111aji<\/h2>\t\t\t\t<\/div>\n\t\t\t\t<\/div>\n\t\t\t\t\t<\/div>\n\t\t<\/div>\n\t\t\t\t\t<\/div>\n\t\t<\/section>\n\t\t\t\t<section class=\"elementor-section elementor-top-section elementor-element elementor-element-1309df5a elementor-section-full_width elementor-section-height-default elementor-section-height-default\" data-id=\"1309df5a\" data-element_type=\"section\" data-e-type=\"section\">\n\t\t\t\t\t\t<div class=\"elementor-container elementor-column-gap-default\">\n\t\t\t\t\t<div class=\"elementor-column elementor-col-100 elementor-top-column elementor-element elementor-element-59f2884e\" data-id=\"59f2884e\" data-element_type=\"column\" data-e-type=\"column\">\n\t\t\t<div class=\"elementor-widget-wrap elementor-element-populated\">\n\t\t\t\t\t\t<div class=\"elementor-element elementor-element-2c6d0459 elementor-widget elementor-widget-image\" data-id=\"2c6d0459\" data-element_type=\"widget\" data-e-type=\"widget\" data-widget_type=\"image.default\">\n\t\t\t\t<div class=\"elementor-widget-container\">\n\t\t\t\t\t\t\t\t\t\t\t\t\t\t\t<img fetchpriority=\"high\" decoding=\"async\" width=\"1024\" height=\"316\" src=\"https:\/\/www.chsok.sk\/wp-content\/uploads\/2023\/08\/HR-copy.png\" class=\"attachment-large size-large wp-image-318\" alt=\"\" srcset=\"https:\/\/www.chsok.sk\/wp-content\/uploads\/2023\/08\/HR-copy.png 1520w, https:\/\/www.chsok.sk\/wp-content\/uploads\/2023\/08\/HR-copy-300x95.png 300w, https:\/\/www.chsok.sk\/wp-content\/uploads\/2023\/08\/HR-copy-1024x325.png 1024w, https:\/\/www.chsok.sk\/wp-content\/uploads\/2023\/08\/HR-copy-768x244.png 768w, https:\/\/www.chsok.sk\/wp-content\/uploads\/2023\/08\/HR-copy-18x6.png 18w\" sizes=\"(max-width: 1024px) 100vw, 1024px\" \/>\t\t\t\t\t\t\t\t\t\t\t\t\t\t\t<\/div>\n\t\t\t\t<\/div>\n\t\t\t\t<div class=\"elementor-element elementor-element-19bec29e elementor-widget-divider--view-line elementor-widget elementor-widget-divider\" data-id=\"19bec29e\" data-element_type=\"widget\" data-e-type=\"widget\" data-widget_type=\"divider.default\">\n\t\t\t\t<div class=\"elementor-widget-container\">\n\t\t\t\t\t\t\t<div class=\"elementor-divider\">\n\t\t\t<span class=\"elementor-divider-separator\">\n\t\t\t\t\t\t<\/span>\n\t\t<\/div>\n\t\t\t\t\t\t<\/div>\n\t\t\t\t<\/div>\n\t\t\t\t\t<\/div>\n\t\t<\/div>\n\t\t\t\t\t<\/div>\n\t\t<\/section>\n\t\t\t\t<section class=\"elementor-section elementor-top-section elementor-element elementor-element-c7726ea elementor-section-boxed elementor-section-height-default elementor-section-height-default\" data-id=\"c7726ea\" data-element_type=\"section\" data-e-type=\"section\">\n\t\t\t\t\t\t<div class=\"elementor-container elementor-column-gap-default\">\n\t\t\t\t\t<div class=\"elementor-column elementor-col-100 elementor-top-column elementor-element elementor-element-c8c9e61\" data-id=\"c8c9e61\" data-element_type=\"column\" data-e-type=\"column\">\n\t\t\t<div class=\"elementor-widget-wrap elementor-element-populated\">\n\t\t\t\t\t\t<div class=\"elementor-element elementor-element-e92c92b elementor-widget elementor-widget-spacer\" data-id=\"e92c92b\" data-element_type=\"widget\" data-e-type=\"widget\" data-widget_type=\"spacer.default\">\n\t\t\t\t<div class=\"elementor-widget-container\">\n\t\t\t\t\t\t\t<div class=\"elementor-spacer\">\n\t\t\t<div class=\"elementor-spacer-inner\"><\/div>\n\t\t<\/div>\n\t\t\t\t\t\t<\/div>\n\t\t\t\t<\/div>\n\t\t\t\t<div class=\"elementor-element elementor-element-3f28b875 elementor-widget elementor-widget-heading\" data-id=\"3f28b875\" data-element_type=\"widget\" data-e-type=\"widget\" data-widget_type=\"heading.default\">\n\t\t\t\t<div class=\"elementor-widget-container\">\n\t\t\t\t\t<h2 class=\"elementor-heading-title elementor-size-default\">Ovaj dio web stranice je u redizajnu.<\/h2>\t\t\t\t<\/div>\n\t\t\t\t<\/div>\n\t\t\t\t<div class=\"elementor-element elementor-element-d49b019 elementor-widget elementor-widget-spacer\" data-id=\"d49b019\" data-element_type=\"widget\" data-e-type=\"widget\" data-widget_type=\"spacer.default\">\n\t\t\t\t<div class=\"elementor-widget-container\">\n\t\t\t\t\t\t\t<div class=\"elementor-spacer\">\n\t\t\t<div class=\"elementor-spacer-inner\"><\/div>\n\t\t<\/div>\n\t\t\t\t\t\t<\/div>\n\t\t\t\t<\/div>\n\t\t\t\t\t<\/div>\n\t\t<\/div>\n\t\t\t\t\t<\/div>\n\t\t<\/section>\n\t\t\t\t<\/div>","protected":false},"excerpt":{"rendered":"<p>Podujatia T\u00e1to \u010das\u0165 webstr\u00e1nky sa prer\u00e1ba.<\/p>","protected":false},"author":1,"featured_media":0,"parent":0,"menu_order":0,"comment_status":"closed","ping_status":"closed","template":"elementor_header_footer","meta":{"_monsterinsights_skip_tracking":false,"_monsterinsights_sitenote_active":false,"_monsterinsights_sitenote_note":"","_monsterinsights_sitenote_category":0,"footnotes":""},"class_list":["post-463","page","type-page","status-publish","hentry","entry"],"yoast_head":"<!-- This site is optimized with the Yoast SEO plugin v24.4 - https:\/\/yoast.com\/wordpress\/plugins\/seo\/ -->\n<title>Podujatia - Chorv\u00e1tsko - Slovensk\u00e1 Obchodn\u00e1 Komora<\/title>\n<meta name=\"robots\" content=\"index, follow, max-snippet:-1, max-image-preview:large, max-video-preview:-1\" \/>\n<link rel=\"canonical\" href=\"https:\/\/www.chsok.sk\/hr\/podujatia\/\" \/>\n<meta property=\"og:locale\" content=\"hr_HR\" \/>\n<meta property=\"og:type\" content=\"article\" \/>\n<meta property=\"og:title\" content=\"Podujatia - Chorv\u00e1tsko - Slovensk\u00e1 Obchodn\u00e1 Komora\" \/>\n<meta property=\"og:description\" content=\"Podujatia T\u00e1to \u010das\u0165 webstr\u00e1nky sa prer\u00e1ba.\" \/>\n<meta property=\"og:url\" content=\"https:\/\/www.chsok.sk\/hr\/podujatia\/\" \/>\n<meta property=\"og:site_name\" content=\"Chorv\u00e1tsko - Slovensk\u00e1 Obchodn\u00e1 Komora\" \/>\n<meta property=\"article:modified_time\" content=\"2024-10-17T14:32:01+00:00\" \/>\n<meta property=\"og:image\" content=\"https:\/\/www.chsok.sk\/wp-content\/uploads\/2023\/07\/CHSOK-logo-3.png\" \/>\n\t<meta property=\"og:image:width\" content=\"1189\" \/>\n\t<meta property=\"og:image:height\" content=\"367\" \/>\n\t<meta property=\"og:image:type\" content=\"image\/png\" \/>\n<meta name=\"twitter:card\" content=\"summary_large_image\" \/>\n<meta name=\"twitter:label1\" content=\"Procijenjeno vrijeme \u010ditanja\" \/>\n\t<meta name=\"twitter:data1\" content=\"1 minuta\" \/>\n<script type=\"application\/ld+json\" class=\"yoast-schema-graph\">{\"@context\":\"https:\/\/schema.org\",\"@graph\":[{\"@type\":\"WebPage\",\"@id\":\"https:\/\/www.chsok.sk\/podujatia\/\",\"url\":\"https:\/\/www.chsok.sk\/podujatia\/\",\"name\":\"Podujatia - Chorv\u00e1tsko - Slovensk\u00e1 Obchodn\u00e1 Komora\",\"isPartOf\":{\"@id\":\"https:\/\/www.chsok.sk\/#website\"},\"primaryImageOfPage\":{\"@id\":\"https:\/\/www.chsok.sk\/podujatia\/#primaryimage\"},\"image\":{\"@id\":\"https:\/\/www.chsok.sk\/podujatia\/#primaryimage\"},\"thumbnailUrl\":\"https:\/\/www.chsok.sk\/wp-content\/uploads\/2023\/07\/CHSOK-logo-3-1024x316.png\",\"datePublished\":\"2023-07-27T13:32:46+00:00\",\"dateModified\":\"2024-10-17T14:32:01+00:00\",\"breadcrumb\":{\"@id\":\"https:\/\/www.chsok.sk\/podujatia\/#breadcrumb\"},\"inLanguage\":\"hr\",\"potentialAction\":[{\"@type\":\"ReadAction\",\"target\":[\"https:\/\/www.chsok.sk\/podujatia\/\"]}]},{\"@type\":\"ImageObject\",\"inLanguage\":\"hr\",\"@id\":\"https:\/\/www.chsok.sk\/podujatia\/#primaryimage\",\"url\":\"https:\/\/www.chsok.sk\/wp-content\/uploads\/2023\/07\/CHSOK-logo-3-1024x316.png\",\"contentUrl\":\"https:\/\/www.chsok.sk\/wp-content\/uploads\/2023\/07\/CHSOK-logo-3-1024x316.png\"},{\"@type\":\"BreadcrumbList\",\"@id\":\"https:\/\/www.chsok.sk\/podujatia\/#breadcrumb\",\"itemListElement\":[{\"@type\":\"ListItem\",\"position\":1,\"name\":\"Home\",\"item\":\"https:\/\/www.chsok.sk\/\"},{\"@type\":\"ListItem\",\"position\":2,\"name\":\"Podujatia\"}]},{\"@type\":\"WebSite\",\"@id\":\"https:\/\/www.chsok.sk\/#website\",\"url\":\"https:\/\/www.chsok.sk\/\",\"name\":\"Chorv\u00e1tsko - Slovensk\u00e1 Obchodn\u00e1 Komora\",\"description\":\"Sp\u00e1jame Slovensko a Chorv\u00e1tsko\",\"publisher\":{\"@id\":\"https:\/\/www.chsok.sk\/#organization\"},\"potentialAction\":[{\"@type\":\"SearchAction\",\"target\":{\"@type\":\"EntryPoint\",\"urlTemplate\":\"https:\/\/www.chsok.sk\/?s={search_term_string}\"},\"query-input\":{\"@type\":\"PropertyValueSpecification\",\"valueRequired\":true,\"valueName\":\"search_term_string\"}}],\"inLanguage\":\"hr\"},{\"@type\":\"Organization\",\"@id\":\"https:\/\/www.chsok.sk\/#organization\",\"name\":\"Chorv\u00e1tsko - Slovensk\u00e1 Obchodn\u00e1 Komora\",\"url\":\"https:\/\/www.chsok.sk\/\",\"logo\":{\"@type\":\"ImageObject\",\"inLanguage\":\"hr\",\"@id\":\"https:\/\/www.chsok.sk\/#\/schema\/logo\/image\/\",\"url\":\"https:\/\/www.chsok.sk\/wp-content\/uploads\/2023\/07\/cropped-CHSOK-Official-logo.png\",\"contentUrl\":\"https:\/\/www.chsok.sk\/wp-content\/uploads\/2023\/07\/cropped-CHSOK-Official-logo.png\",\"width\":274,\"height\":370,\"caption\":\"Chorv\u00e1tsko - Slovensk\u00e1 Obchodn\u00e1 Komora\"},\"image\":{\"@id\":\"https:\/\/www.chsok.sk\/#\/schema\/logo\/image\/\"}}]}<\/script>\n<!-- \/ Yoast SEO plugin. -->","yoast_head_json":{"title":"Podujatia - Chorv\u00e1tsko - Slovensk\u00e1 Obchodn\u00e1 Komora","robots":{"index":"index","follow":"follow","max-snippet":"max-snippet:-1","max-image-preview":"max-image-preview:large","max-video-preview":"max-video-preview:-1"},"canonical":"https:\/\/www.chsok.sk\/hr\/podujatia\/","og_locale":"hr_HR","og_type":"article","og_title":"Podujatia - Chorv\u00e1tsko - Slovensk\u00e1 Obchodn\u00e1 Komora","og_description":"Podujatia T\u00e1to \u010das\u0165 webstr\u00e1nky sa prer\u00e1ba.","og_url":"https:\/\/www.chsok.sk\/hr\/podujatia\/","og_site_name":"Chorv\u00e1tsko - Slovensk\u00e1 Obchodn\u00e1 Komora","article_modified_time":"2024-10-17T14:32:01+00:00","og_image":[{"width":1189,"height":367,"url":"https:\/\/www.chsok.sk\/wp-content\/uploads\/2023\/07\/CHSOK-logo-3.png","type":"image\/png"}],"twitter_card":"summary_large_image","twitter_misc":{"Procijenjeno vrijeme \u010ditanja":"1 minuta"},"schema":{"@context":"https:\/\/schema.org","@graph":[{"@type":"WebPage","@id":"https:\/\/www.chsok.sk\/podujatia\/","url":"https:\/\/www.chsok.sk\/podujatia\/","name":"Podujatia - Chorv\u00e1tsko - Slovensk\u00e1 Obchodn\u00e1 Komora","isPartOf":{"@id":"https:\/\/www.chsok.sk\/#website"},"primaryImageOfPage":{"@id":"https:\/\/www.chsok.sk\/podujatia\/#primaryimage"},"image":{"@id":"https:\/\/www.chsok.sk\/podujatia\/#primaryimage"},"thumbnailUrl":"https:\/\/www.chsok.sk\/wp-content\/uploads\/2023\/07\/CHSOK-logo-3-1024x316.png","datePublished":"2023-07-27T13:32:46+00:00","dateModified":"2024-10-17T14:32:01+00:00","breadcrumb":{"@id":"https:\/\/www.chsok.sk\/podujatia\/#breadcrumb"},"inLanguage":"hr","potentialAction":[{"@type":"ReadAction","target":["https:\/\/www.chsok.sk\/podujatia\/"]}]},{"@type":"ImageObject","inLanguage":"hr","@id":"https:\/\/www.chsok.sk\/podujatia\/#primaryimage","url":"https:\/\/www.chsok.sk\/wp-content\/uploads\/2023\/07\/CHSOK-logo-3-1024x316.png","contentUrl":"https:\/\/www.chsok.sk\/wp-content\/uploads\/2023\/07\/CHSOK-logo-3-1024x316.png"},{"@type":"BreadcrumbList","@id":"https:\/\/www.chsok.sk\/podujatia\/#breadcrumb","itemListElement":[{"@type":"ListItem","position":1,"name":"Home","item":"https:\/\/www.chsok.sk\/"},{"@type":"ListItem","position":2,"name":"Podujatia"}]},{"@type":"WebSite","@id":"https:\/\/www.chsok.sk\/#website","url":"https:\/\/www.chsok.sk\/","name":"Chorv\u00e1tsko - Slovensk\u00e1 Obchodn\u00e1 Komora","description":"Sp\u00e1jame Slovensko a Chorv\u00e1tsko","publisher":{"@id":"https:\/\/www.chsok.sk\/#organization"},"potentialAction":[{"@type":"SearchAction","target":{"@type":"EntryPoint","urlTemplate":"https:\/\/www.chsok.sk\/?s={search_term_string}"},"query-input":{"@type":"PropertyValueSpecification","valueRequired":true,"valueName":"search_term_string"}}],"inLanguage":"hr"},{"@type":"Organization","@id":"https:\/\/www.chsok.sk\/#organization","name":"Chorv\u00e1tsko - Slovensk\u00e1 Obchodn\u00e1 Komora","url":"https:\/\/www.chsok.sk\/","logo":{"@type":"ImageObject","inLanguage":"hr","@id":"https:\/\/www.chsok.sk\/#\/schema\/logo\/image\/","url":"https:\/\/www.chsok.sk\/wp-content\/uploads\/2023\/07\/cropped-CHSOK-Official-logo.png","contentUrl":"https:\/\/www.chsok.sk\/wp-content\/uploads\/2023\/07\/cropped-CHSOK-Official-logo.png","width":274,"height":370,"caption":"Chorv\u00e1tsko - Slovensk\u00e1 Obchodn\u00e1 Komora"},"image":{"@id":"https:\/\/www.chsok.sk\/#\/schema\/logo\/image\/"}}]}},"_links":{"self":[{"href":"https:\/\/www.chsok.sk\/hr\/wp-json\/wp\/v2\/pages\/463","targetHints":{"allow":["GET"]}}],"collection":[{"href":"https:\/\/www.chsok.sk\/hr\/wp-json\/wp\/v2\/pages"}],"about":[{"href":"https:\/\/www.chsok.sk\/hr\/wp-json\/wp\/v2\/types\/page"}],"author":[{"embeddable":true,"href":"https:\/\/www.chsok.sk\/hr\/wp-json\/wp\/v2\/users\/1"}],"replies":[{"embeddable":true,"href":"https:\/\/www.chsok.sk\/hr\/wp-json\/wp\/v2\/comments?post=463"}],"version-history":[{"count":6,"href":"https:\/\/www.chsok.sk\/hr\/wp-json\/wp\/v2\/pages\/463\/revisions"}],"predecessor-version":[{"id":1337,"href":"https:\/\/www.chsok.sk\/hr\/wp-json\/wp\/v2\/pages\/463\/revisions\/1337"}],"wp:attachment":[{"href":"https:\/\/www.chsok.sk\/hr\/wp-json\/wp\/v2\/media?parent=463"}],"curies":[{"name":"wp","href":"https:\/\/api.w.org\/{rel}","templated":true}]}}